{"id":2032,"date":"2025-10-07T21:03:41","date_gmt":"2025-10-07T20:03:41","guid":{"rendered":"https:\/\/rayceredigion.org.uk\/gweithgareddau\/ray-carers-group\/"},"modified":"2025-10-07T21:05:32","modified_gmt":"2025-10-07T20:05:32","slug":"ray-carers-group","status":"publish","type":"page","link":"https:\/\/rayceredigion.org.uk\/cy\/gweithgareddau\/ray-carers-group\/","title":{"rendered":"Gr\u0175p Gofalwyr RAY: Gr\u0175p Cefnogi i ofalwyr nad ydynt bellach yn dod \u00e2 rhywun sydd ganddynt dementia"},"content":{"rendered":"\n<h2 class=\"wp-block-heading\"><strong>Beth \u2018rydym yn neud<\/strong><strong> \u2026<\/strong><\/h2>\n\n\n\n<p>Mae gr\u0175p Gofalwyr RAY yn le cynnes a chyfeillgar i ofalwyr o rhywun sydd \u00e2 dementia sydd naill ai wedi mynd i gartref preswyl neu wedi marw. Mae\u2019r gr\u0175p yn cwrdd pob wythnos ar ddydd Iau o 11yb i 2yp ac mae\u2019n gr\u0175p cefnogi cymheiriaid i helpu\u2019r rhai sydd a\u2019u r\u00f4l gofalu wedi newid i addasu i sefyllfa newydd. Cynhelir y gr\u0175p gan aelodau staff RAY, ac mae ganddynt fynediad i asiantaethau allanol sy\u2019n medru cynnig cefnogaeth mwy arbenigol.<strong><\/strong><\/p>\n\n\n\n<p>Trefnir gweithgareddau i gwrdd ag anghenion a diddordebau\u2019r rhai sy\u2019n mynychu. Mae hyn yn cynnwys gweithdai celf a chrefft, adloniant creadigol a teithiau achlysurol i lefydd o ddidordeb lleol, chwarae g\u00eamau.<\/p>\n\n\n\n<h2 class=\"wp-block-heading\"><strong>Y manteision<\/strong><\/h2>\n\n\n\n<ul class=\"wp-block-list\">\n<li>Cyfle i chwrdd ag eraill sy\u2019n rhannu\u2019r un profiadau<\/li>\n\n\n\n<li>Cyfeillgarwch a chefnogaeth<\/li>\n\n\n\n<li>Cysylltiadau ag asiantaethau sy\u2019n medru daraparu cyngor a chymorth wedi\u2019u teilwra.<\/li>\n\n\n\n<li>Cyfle i ymgysylltu mewn gweithgareddau gr\u0175p therapiwtig a gwibdeithiau.<\/li>\n\n\n\n<li>T\u00eem o staff ardderchog sy\u2019n creu awyrgylch groesawgar a chynnes.<\/li>\n<\/ul>\n\n\n\n<h2 class=\"wp-block-heading\"><strong>Dyfyniadau\u2026<\/strong><\/h2>\n\n\n\n<p><em>Diolch yn fawr am eich cyfeillgarwch,cynhesrwydd a chefnogaeth. Mae\u2019n golygu llawer iawn i ni. (Gofalwr)<\/em><\/p>\n\n\n\n<p><em>\u2018Rwy\u2019n teimlo cymaint o rhyddhad fod mam wedi ffeindio eich gr\u0175p, mae wedi rhoi cymaint o gefnogaeth iddi, ac yn rhoi i ni,ei theulu, rhywfaint o dawelwch meddwl gan wybod nad yw hi\u2019n teimlo mor unig.(Merch sy\u2019n byw i ffwrdd)<\/em><\/p>\n\n\n\n<p><em>Nid wyf erioed wedi byw ar ben fy hunan o\u2019r blaen, felly (mae person sydd \u00e2 dementia yn mynd i ofal preswyl)yn newid mawr i mi. \u2018Rwy\u2019n brwydro gyda chymaint o emosiynau mae\u2019n anodd iawn, ond mae\u2019n helpu llawer i fedru siarad ag eraill yn yr un sefyllfa.(Gofalwr)<\/em><\/p>\n","protected":false},"excerpt":{"rendered":"<p>Beth \u2018rydym yn neud \u2026 Mae gr\u0175p Gofalwyr RAY yn le cynnes a chyfeillgar i ofalwyr o rhywun sydd \u00e2 dementia sydd naill ai wedi mynd i gartref preswyl neu [&hellip;]<\/p>\n","protected":false},"author":1,"featured_media":1479,"parent":276,"menu_order":0,"comment_status":"closed","ping_status":"closed","template":"","meta":{"footnotes":""},"class_list":["post-2032","page","type-page","status-publish","has-post-thumbnail","hentry"],"_links":{"self":[{"href":"https:\/\/rayceredigion.org.uk\/cy\/wp-json\/wp\/v2\/pages\/2032","targetHints":{"allow":["GET"]}}],"collection":[{"href":"https:\/\/rayceredigion.org.uk\/cy\/wp-json\/wp\/v2\/pages"}],"about":[{"href":"https:\/\/rayceredigion.org.uk\/cy\/wp-json\/wp\/v2\/types\/page"}],"author":[{"embeddable":true,"href":"https:\/\/rayceredigion.org.uk\/cy\/wp-json\/wp\/v2\/users\/1"}],"replies":[{"embeddable":true,"href":"https:\/\/rayceredigion.org.uk\/cy\/wp-json\/wp\/v2\/comments?post=2032"}],"version-history":[{"count":1,"href":"https:\/\/rayceredigion.org.uk\/cy\/wp-json\/wp\/v2\/pages\/2032\/revisions"}],"predecessor-version":[{"id":2033,"href":"https:\/\/rayceredigion.org.uk\/cy\/wp-json\/wp\/v2\/pages\/2032\/revisions\/2033"}],"up":[{"embeddable":true,"href":"https:\/\/rayceredigion.org.uk\/cy\/wp-json\/wp\/v2\/pages\/276"}],"wp:featuredmedia":[{"embeddable":true,"href":"https:\/\/rayceredigion.org.uk\/cy\/wp-json\/wp\/v2\/media\/1479"}],"wp:attachment":[{"href":"https:\/\/rayceredigion.org.uk\/cy\/wp-json\/wp\/v2\/media?parent=2032"}],"curies":[{"name":"wp","href":"https:\/\/api.w.org\/{rel}","templated":true}]}}