{"id":276,"date":"2017-03-27T10:07:33","date_gmt":"2017-03-27T10:07:33","guid":{"rendered":"http:\/\/rayceredigion.wp.cwndesign.co.uk\/activities\/"},"modified":"2025-10-07T21:42:46","modified_gmt":"2025-10-07T20:42:46","slug":"gweithgareddau","status":"publish","type":"page","link":"https:\/\/rayceredigion.org.uk\/cy\/gweithgareddau\/","title":{"rendered":"Gweithgareddau"},"content":{"rendered":"<ul class=\"wp-block-page-list\"><li class=\"wp-block-pages-list__item\"><a class=\"wp-block-pages-list__item__link\" href=\"https:\/\/rayceredigion.org.uk\/cy\/gweithgareddau\/caffi-trwsio-aberaeron\/\">Caffi Trwsio Aberaeron<\/a><\/li><li class=\"wp-block-pages-list__item\"><a class=\"wp-block-pages-list__item__link\" href=\"https:\/\/rayceredigion.org.uk\/cy\/gweithgareddau\/canolfan-deulu-ray\/\">Canolfan Deulu RAY: Cefnogaeth a chyfleoedd dysgu i fabanod a phlant oed cyn-ysgol, rhieni a gofalwyr a Gr\u0175p Cefnogi Bwydo ar y Fron RAY\u00a0<\/a><\/li><li class=\"wp-block-pages-list__item\"><a class=\"wp-block-pages-list__item__link\" href=\"https:\/\/rayceredigion.org.uk\/cy\/gweithgareddau\/clwb-cymdeithasol-ray\/\">Clwb Cymdeithasol RAY<\/a><\/li><li class=\"wp-block-pages-list__item\"><a class=\"wp-block-pages-list__item__link\" href=\"https:\/\/rayceredigion.org.uk\/cy\/gweithgareddau\/crefft-a-chlonc-ray\/\">Crefft a Chlonc RAY<\/a><\/li><li class=\"wp-block-pages-list__item\"><a class=\"wp-block-pages-list__item__link\" href=\"https:\/\/rayceredigion.org.uk\/cy\/gweithgareddau\/cwlwm-cof-ray\/\">Cwlwm C\u00f4f RAY: Gr\u0175p Cefnogi i rai sydd ganddynt dementia a\u2019u gofalwyr<\/a><\/li><li class=\"wp-block-pages-list__item\"><a class=\"wp-block-pages-list__item__link\" href=\"https:\/\/rayceredigion.org.uk\/cy\/gweithgareddau\/dyma-ni\/\">DYMA NI: Gr\u0175p ar gyfer oedolion ifanc sy\u2019n byw gydag anableddau<\/a><\/li><li class=\"wp-block-pages-list__item\"><a class=\"wp-block-pages-list__item__link\" href=\"https:\/\/rayceredigion.org.uk\/cy\/gweithgareddau\/gardd-bywyd-gwyllt-ray\/\">Gardd Bywyd Gwyllt RAY<\/a><\/li><li class=\"wp-block-pages-list__item\"><a class=\"wp-block-pages-list__item__link\" href=\"https:\/\/rayceredigion.org.uk\/cy\/gweithgareddau\/ray-carers-group\/\">Gr\u0175p Gofalwyr RAY: Gr\u0175p Cefnogi i ofalwyr nad ydynt bellach yn dod \u00e2 rhywun sydd ganddynt dementia<\/a><\/li><li class=\"wp-block-pages-list__item\"><a class=\"wp-block-pages-list__item__link\" href=\"https:\/\/rayceredigion.org.uk\/cy\/gweithgareddau\/llogi-ystafell\/\">Llogi Ystafell RAY<\/a><\/li><li class=\"wp-block-pages-list__item\"><a class=\"wp-block-pages-list__item__link\" href=\"https:\/\/rayceredigion.org.uk\/cy\/gweithgareddau\/ray-actif-ar-gyfer-rhai-oed-6-11\/\">RAY Actif Iau: Gr\u0175p Meithrin Wythnosol ar gyfer rhai oed 6 i 11.<\/a><\/li><li class=\"wp-block-pages-list__item\"><a class=\"wp-block-pages-list__item__link\" href=\"https:\/\/rayceredigion.org.uk\/cy\/gweithgareddau\/clwb-ieuenctid-ray-actif-ar-gyfer-rhai-oed-11-19\/\">RAY Actif: Clwb Ieuenctid ar gyfer rhai oed 11 i 18<\/a><\/li><li class=\"wp-block-pages-list__item\"><a class=\"wp-block-pages-list__item__link\" href=\"https:\/\/rayceredigion.org.uk\/cy\/gweithgareddau\/sesiynau-chwarae-ray\/\">Sesiynau Chwarae RAY: Fan chwarae a gweithwyr chwarae\u2019n darparu sesiynau chwarae mewn ysgolion cynradd ac ardaloedd chwarae cymunedol.<\/a><\/li><li class=\"wp-block-pages-list__item\"><a class=\"wp-block-pages-list__item__link\" href=\"https:\/\/rayceredigion.org.uk\/cy\/gweithgareddau\/ray-mens-shed-aberaeron\/\">Sied Dynion RAY Aberaeron<\/a><\/li><\/ul>\n\n\n<h3 class=\"wp-block-heading\">Grant funding current and in the past 24 months<\/h3>\n\n\n\n<div class=\"wp-block-columns is-layout-flex wp-container-core-columns-is-layout-9d6595d7 wp-block-columns-is-layout-flex\">\n<div class=\"wp-block-column is-layout-flow wp-block-column-is-layout-flow\"><div class=\"wp-block-image\">\n<figure class=\"aligncenter size-full\"><a href=\"https:\/\/rayceredigion.org.uk\/wp-content\/uploads\/2022\/04\/logo-partner-afa.png\"><img loading=\"lazy\" decoding=\"async\" width=\"300\" height=\"300\" src=\"https:\/\/rayceredigion.org.uk\/wp-content\/uploads\/2022\/04\/logo-partner-afa.png\" alt=\"\" class=\"wp-image-1291\" srcset=\"https:\/\/rayceredigion.org.uk\/wp-content\/uploads\/2022\/04\/logo-partner-afa.png 300w, https:\/\/rayceredigion.org.uk\/wp-content\/uploads\/2022\/04\/logo-partner-afa-150x150.png 150w\" sizes=\"auto, (max-width: 300px) 100vw, 300px\" \/><\/a><\/figure><\/div><\/div>\n\n\n\n<div class=\"wp-block-column is-layout-flow wp-block-column-is-layout-flow\"><div class=\"wp-block-image\">\n<figure class=\"aligncenter size-medium\"><a href=\"https:\/\/rayceredigion.org.uk\/wp-content\/uploads\/2022\/04\/CIN-logo.jpeg\"><img loading=\"lazy\" decoding=\"async\" width=\"300\" height=\"113\" src=\"https:\/\/rayceredigion.org.uk\/wp-content\/uploads\/2022\/04\/CIN-logo-300x113.jpeg\" alt=\"\" class=\"wp-image-1319\" srcset=\"https:\/\/rayceredigion.org.uk\/wp-content\/uploads\/2022\/04\/CIN-logo-300x113.jpeg 300w, https:\/\/rayceredigion.org.uk\/wp-content\/uploads\/2022\/04\/CIN-logo-1024x386.jpeg 1024w, https:\/\/rayceredigion.org.uk\/wp-content\/uploads\/2022\/04\/CIN-logo-768x290.jpeg 768w, https:\/\/rayceredigion.org.uk\/wp-content\/uploads\/2022\/04\/CIN-logo-1536x579.jpeg 1536w, https:\/\/rayceredigion.org.uk\/wp-content\/uploads\/2022\/04\/CIN-logo-2048x772.jpeg 2048w\" sizes=\"auto, (max-width: 300px) 100vw, 300px\" \/><\/a><\/figure><\/div><\/div>\n\n\n\n<div class=\"wp-block-column is-layout-flow wp-block-column-is-layout-flow\"><div class=\"wp-block-image\">\n<figure class=\"aligncenter size-full\"><a href=\"https:\/\/rayceredigion.org.uk\/wp-content\/uploads\/2022\/04\/Families-First-logo.jpeg\"><img loading=\"lazy\" decoding=\"async\" width=\"150\" height=\"146\" src=\"https:\/\/rayceredigion.org.uk\/wp-content\/uploads\/2022\/04\/Families-First-logo.jpeg\" alt=\"\" class=\"wp-image-1295\"\/><\/a><\/figure><\/div><\/div>\n\n\n\n<div class=\"wp-block-column is-layout-flow wp-block-column-is-layout-flow\"><div class=\"wp-block-image\">\n<figure class=\"aligncenter size-full\"><a href=\"https:\/\/rayceredigion.org.uk\/wp-content\/uploads\/2022\/04\/Cynnal-Y-Cardi-logo-new.webp\"><img loading=\"lazy\" decoding=\"async\" width=\"349\" height=\"199\" src=\"https:\/\/rayceredigion.org.uk\/wp-content\/uploads\/2022\/04\/Cynnal-Y-Cardi-logo-new.webp\" alt=\"\" class=\"wp-image-1297\" srcset=\"https:\/\/rayceredigion.org.uk\/wp-content\/uploads\/2022\/04\/Cynnal-Y-Cardi-logo-new.webp 349w, https:\/\/rayceredigion.org.uk\/wp-content\/uploads\/2022\/04\/Cynnal-Y-Cardi-logo-new-300x171.webp 300w\" sizes=\"auto, (max-width: 349px) 100vw, 349px\" \/><\/a><\/figure><\/div><\/div>\n<\/div>\n\n\n\n<div class=\"wp-block-columns is-layout-flex wp-container-core-columns-is-layout-9d6595d7 wp-block-columns-is-layout-flex\">\n<div class=\"wp-block-column is-layout-flow wp-block-column-is-layout-flow\"><div class=\"wp-block-image\">\n<figure class=\"aligncenter size-full\"><a href=\"https:\/\/rayceredigion.org.uk\/wp-content\/uploads\/2022\/04\/images.png\"><img loading=\"lazy\" decoding=\"async\" width=\"219\" height=\"230\" src=\"https:\/\/rayceredigion.org.uk\/wp-content\/uploads\/2022\/04\/images.png\" alt=\"\" class=\"wp-image-1299\"\/><\/a><\/figure><\/div><\/div>\n\n\n\n<div class=\"wp-block-column is-layout-flow wp-block-column-is-layout-flow\"><div class=\"wp-block-image\">\n<figure class=\"aligncenter size-full\"><a href=\"https:\/\/rayceredigion.org.uk\/wp-content\/uploads\/2022\/04\/HLF_community_fund.png\"><img loading=\"lazy\" decoding=\"async\" width=\"347\" height=\"260\" src=\"https:\/\/rayceredigion.org.uk\/wp-content\/uploads\/2022\/04\/HLF_community_fund.png\" alt=\"\" class=\"wp-image-1301\" srcset=\"https:\/\/rayceredigion.org.uk\/wp-content\/uploads\/2022\/04\/HLF_community_fund.png 347w, https:\/\/rayceredigion.org.uk\/wp-content\/uploads\/2022\/04\/HLF_community_fund-300x225.png 300w\" sizes=\"auto, (max-width: 347px) 100vw, 347px\" \/><\/a><\/figure><\/div><\/div>\n\n\n\n<div class=\"wp-block-column is-layout-flow wp-block-column-is-layout-flow\"><div class=\"wp-block-image\">\n<figure class=\"aligncenter size-full\"><a href=\"https:\/\/rayceredigion.org.uk\/wp-content\/uploads\/2022\/04\/moondance_orig.jpeg\"><img loading=\"lazy\" decoding=\"async\" width=\"512\" height=\"487\" src=\"https:\/\/rayceredigion.org.uk\/wp-content\/uploads\/2022\/04\/moondance_orig.jpeg\" alt=\"\" class=\"wp-image-1303\" srcset=\"https:\/\/rayceredigion.org.uk\/wp-content\/uploads\/2022\/04\/moondance_orig.jpeg 512w, https:\/\/rayceredigion.org.uk\/wp-content\/uploads\/2022\/04\/moondance_orig-300x285.jpeg 300w\" sizes=\"auto, (max-width: 512px) 100vw, 512px\" \/><\/a><\/figure><\/div><\/div>\n\n\n\n<div class=\"wp-block-column is-layout-flow wp-block-column-is-layout-flow\"><div class=\"wp-block-image\">\n<figure class=\"aligncenter size-full\"><a href=\"https:\/\/rayceredigion.org.uk\/wp-content\/uploads\/2022\/04\/Garfield-weston-foundation-logo.png\"><img loading=\"lazy\" decoding=\"async\" width=\"340\" height=\"220\" src=\"https:\/\/rayceredigion.org.uk\/wp-content\/uploads\/2022\/04\/Garfield-weston-foundation-logo.png\" alt=\"\" class=\"wp-image-1305\" srcset=\"https:\/\/rayceredigion.org.uk\/wp-content\/uploads\/2022\/04\/Garfield-weston-foundation-logo.png 340w, https:\/\/rayceredigion.org.uk\/wp-content\/uploads\/2022\/04\/Garfield-weston-foundation-logo-300x194.png 300w\" sizes=\"auto, (max-width: 340px) 100vw, 340px\" \/><\/a><\/figure><\/div><\/div>\n<\/div>\n\n\n\n<div class=\"wp-block-columns is-layout-flex wp-container-core-columns-is-layout-9d6595d7 wp-block-columns-is-layout-flex\">\n<div class=\"wp-block-column is-layout-flow wp-block-column-is-layout-flow\"><div class=\"wp-block-image\">\n<figure class=\"aligncenter size-full\"><a href=\"https:\/\/rayceredigion.org.uk\/wp-content\/uploads\/2022\/04\/download.png\"><img loading=\"lazy\" decoding=\"async\" width=\"238\" height=\"212\" src=\"https:\/\/rayceredigion.org.uk\/wp-content\/uploads\/2022\/04\/download.png\" alt=\"\" class=\"wp-image-1307\"\/><\/a><\/figure><\/div><\/div>\n\n\n\n<div class=\"wp-block-column is-layout-flow wp-block-column-is-layout-flow\"><div class=\"wp-block-image\">\n<figure class=\"aligncenter size-large\"><a href=\"https:\/\/rayceredigion.org.uk\/wp-content\/uploads\/2022\/04\/CAVO-Square-logo-Lrg.png\"><img loading=\"lazy\" decoding=\"async\" width=\"1024\" height=\"1010\" src=\"https:\/\/rayceredigion.org.uk\/wp-content\/uploads\/2022\/04\/CAVO-Square-logo-Lrg-1024x1010.png\" alt=\"\" class=\"wp-image-1309\" srcset=\"https:\/\/rayceredigion.org.uk\/wp-content\/uploads\/2022\/04\/CAVO-Square-logo-Lrg-1024x1010.png 1024w, https:\/\/rayceredigion.org.uk\/wp-content\/uploads\/2022\/04\/CAVO-Square-logo-Lrg-300x296.png 300w, https:\/\/rayceredigion.org.uk\/wp-content\/uploads\/2022\/04\/CAVO-Square-logo-Lrg-768x757.png 768w, https:\/\/rayceredigion.org.uk\/wp-content\/uploads\/2022\/04\/CAVO-Square-logo-Lrg-1536x1514.png 1536w, https:\/\/rayceredigion.org.uk\/wp-content\/uploads\/2022\/04\/CAVO-Square-logo-Lrg-2048x2019.png 2048w\" sizes=\"auto, (max-width: 1024px) 100vw, 1024px\" \/><\/a><\/figure><\/div><\/div>\n\n\n\n<div class=\"wp-block-column is-layout-flow wp-block-column-is-layout-flow\"><div class=\"wp-block-image\">\n<figure class=\"aligncenter size-full is-resized\"><a href=\"https:\/\/rayceredigion.org.uk\/wp-content\/uploads\/2022\/04\/crest.png\"><img loading=\"lazy\" decoding=\"async\" width=\"234\" height=\"330\" src=\"https:\/\/rayceredigion.org.uk\/wp-content\/uploads\/2022\/04\/crest.png\" alt=\"\" class=\"wp-image-1311\" style=\"width:129px;height:182px\" srcset=\"https:\/\/rayceredigion.org.uk\/wp-content\/uploads\/2022\/04\/crest.png 234w, https:\/\/rayceredigion.org.uk\/wp-content\/uploads\/2022\/04\/crest-213x300.png 213w\" sizes=\"auto, (max-width: 234px) 100vw, 234px\" \/><\/a><\/figure><\/div><\/div>\n\n\n\n<div class=\"wp-block-column is-layout-flow wp-block-column-is-layout-flow\"><div class=\"wp-block-image\">\n<figure class=\"aligncenter size-full\"><a href=\"https:\/\/rayceredigion.org.uk\/wp-content\/uploads\/2022\/04\/gd4356-west-wales-care-partnership-logo.png\"><img loading=\"lazy\" decoding=\"async\" width=\"505\" height=\"219\" src=\"https:\/\/rayceredigion.org.uk\/wp-content\/uploads\/2022\/04\/gd4356-west-wales-care-partnership-logo.png\" alt=\"\" class=\"wp-image-1313\" srcset=\"https:\/\/rayceredigion.org.uk\/wp-content\/uploads\/2022\/04\/gd4356-west-wales-care-partnership-logo.png 505w, https:\/\/rayceredigion.org.uk\/wp-content\/uploads\/2022\/04\/gd4356-west-wales-care-partnership-logo-300x130.png 300w\" sizes=\"auto, (max-width: 505px) 100vw, 505px\" \/><\/a><\/figure><\/div><\/div>\n<\/div>\n\n\n\n<div class=\"wp-block-columns is-layout-flex wp-container-core-columns-is-layout-9d6595d7 wp-block-columns-is-layout-flex\">\n<div class=\"wp-block-column is-layout-flow wp-block-column-is-layout-flow\"><div class=\"wp-block-image\">\n<figure class=\"aligncenter size-large\"><a href=\"https:\/\/rayceredigion.org.uk\/wp-content\/uploads\/2022\/04\/tnl_hlfe_pantone.jpeg\"><img loading=\"lazy\" decoding=\"async\" width=\"1024\" height=\"619\" src=\"https:\/\/rayceredigion.org.uk\/wp-content\/uploads\/2022\/04\/tnl_hlfe_pantone-1024x619.jpeg\" alt=\"\" class=\"wp-image-1315\" srcset=\"https:\/\/rayceredigion.org.uk\/wp-content\/uploads\/2022\/04\/tnl_hlfe_pantone-1024x619.jpeg 1024w, https:\/\/rayceredigion.org.uk\/wp-content\/uploads\/2022\/04\/tnl_hlfe_pantone-300x181.jpeg 300w, https:\/\/rayceredigion.org.uk\/wp-content\/uploads\/2022\/04\/tnl_hlfe_pantone-768x464.jpeg 768w, https:\/\/rayceredigion.org.uk\/wp-content\/uploads\/2022\/04\/tnl_hlfe_pantone.jpeg 1307w\" sizes=\"auto, (max-width: 1024px) 100vw, 1024px\" \/><\/a><\/figure><\/div><\/div>\n\n\n\n<div class=\"wp-block-column is-layout-flow wp-block-column-is-layout-flow\"><div class=\"wp-block-image\">\n<figure class=\"aligncenter size-full\"><a href=\"https:\/\/rayceredigion.org.uk\/wp-content\/uploads\/2022\/04\/c25Wtpei_400x400.jpeg\"><img loading=\"lazy\" decoding=\"async\" width=\"400\" height=\"400\" src=\"https:\/\/rayceredigion.org.uk\/wp-content\/uploads\/2022\/04\/c25Wtpei_400x400.jpeg\" alt=\"\" class=\"wp-image-1317\" srcset=\"https:\/\/rayceredigion.org.uk\/wp-content\/uploads\/2022\/04\/c25Wtpei_400x400.jpeg 400w, https:\/\/rayceredigion.org.uk\/wp-content\/uploads\/2022\/04\/c25Wtpei_400x400-300x300.jpeg 300w, https:\/\/rayceredigion.org.uk\/wp-content\/uploads\/2022\/04\/c25Wtpei_400x400-150x150.jpeg 150w\" sizes=\"auto, (max-width: 400px) 100vw, 400px\" \/><\/a><\/figure><\/div><\/div>\n\n\n\n<div class=\"wp-block-column is-layout-flow wp-block-column-is-layout-flow\"><\/div>\n\n\n\n<div class=\"wp-block-column is-layout-flow wp-block-column-is-layout-flow\"><\/div>\n<\/div>\n","protected":false},"excerpt":{"rendered":"<p>Grant funding current and in the past 24 months<\/p>\n","protected":false},"author":1,"featured_media":1447,"parent":0,"menu_order":0,"comment_status":"closed","ping_status":"closed","template":"","meta":{"footnotes":""},"class_list":["post-276","page","type-page","status-publish","has-post-thumbnail","hentry"],"_links":{"self":[{"href":"https:\/\/rayceredigion.org.uk\/cy\/wp-json\/wp\/v2\/pages\/276","targetHints":{"allow":["GET"]}}],"collection":[{"href":"https:\/\/rayceredigion.org.uk\/cy\/wp-json\/wp\/v2\/pages"}],"about":[{"href":"https:\/\/rayceredigion.org.uk\/cy\/wp-json\/wp\/v2\/types\/page"}],"author":[{"embeddable":true,"href":"https:\/\/rayceredigion.org.uk\/cy\/wp-json\/wp\/v2\/users\/1"}],"replies":[{"embeddable":true,"href":"https:\/\/rayceredigion.org.uk\/cy\/wp-json\/wp\/v2\/comments?post=276"}],"version-history":[{"count":11,"href":"https:\/\/rayceredigion.org.uk\/cy\/wp-json\/wp\/v2\/pages\/276\/revisions"}],"predecessor-version":[{"id":2051,"href":"https:\/\/rayceredigion.org.uk\/cy\/wp-json\/wp\/v2\/pages\/276\/revisions\/2051"}],"wp:featuredmedia":[{"embeddable":true,"href":"https:\/\/rayceredigion.org.uk\/cy\/wp-json\/wp\/v2\/media\/1447"}],"wp:attachment":[{"href":"https:\/\/rayceredigion.org.uk\/cy\/wp-json\/wp\/v2\/media?parent=276"}],"curies":[{"name":"wp","href":"https:\/\/api.w.org\/{rel}","templated":true}]}}